{"id":45,"date":"2026-01-06T11:15:18","date_gmt":"2026-01-06T11:15:18","guid":{"rendered":"https:\/\/jwelding.fi\/?page_id=45"},"modified":"2026-04-30T16:12:38","modified_gmt":"2026-04-30T16:12:38","slug":"tehdyt-tyot","status":"publish","type":"page","link":"https:\/\/jwelding.fi\/index.php\/tehdyt-tyot\/","title":{"rendered":"Tehtyj\u00e4 t\u00f6it\u00e4"},"content":{"rendered":"\n<div class=\"wp-block-group alignfull is-style-ext-preset--group--natural-1--section has-background-background-color has-background\" style=\"margin-top:0;margin-bottom:0;padding-top:var(--wp--preset--spacing--70);padding-bottom:var(--wp--preset--spacing--70)\"><div class=\"wp-block-group__inner-container is-layout-constrained wp-block-group-is-layout-constrained\">\n<div class=\"wp-block-group alignwide is-vertical is-layout-flex wp-container-core-group-is-layout-5576de17 wp-block-group-is-layout-flex\">\n<div class=\"wp-block-group\"><div class=\"wp-block-group__inner-container is-layout-constrained wp-block-group-is-layout-constrained\">\n<h2 class=\"wp-block-heading\">Tehtyj\u00e4 t\u00f6it\u00e4 kuvina<\/h2>\n\n\n\n<p><\/p>\n\n\n\n<p class=\"has-text-align-left\">Teemme t\u00f6it\u00e4 konepajoilla ja ty\u00f6mailla, niin putkistojen, ter\u00e4srakenteiden, kuin koneenrakennuksenkin parissa. My\u00f6s mekaaninen asennus kuuluu ty\u00f6h\u00f6mme. Ammattitaitoisten kumppaneiden kanssa yhteisty\u00f6 antaa mahdollisuuden laajentaa osaamisaluettamme ja parantaa resurssien saantia isompiinkin t\u00f6ihin.<\/p>\n<\/div><\/div>\n\n\n\n<p><\/p>\n<\/div>\n\n\n\n<div class=\"wp-block-columns alignwide are-vertically-aligned-top is-layout-flex wp-container-core-columns-is-layout-b0e66f64 wp-block-columns-is-layout-flex\">\n<div class=\"wp-block-column is-vertically-aligned-top is-layout-flow wp-block-column-is-layout-flow\"><\/div>\n\n\n\n<div class=\"wp-block-column is-vertically-aligned-top is-layout-flow wp-block-column-is-layout-flow\"><\/div>\n\n\n\n<div class=\"wp-block-column is-vertically-aligned-top is-layout-flow wp-block-column-is-layout-flow\"><\/div>\n<\/div>\n<\/div><\/div>\n\n\n\n<figure class=\"wp-block-image size-large\"><img loading=\"lazy\" decoding=\"async\" width=\"1024\" height=\"729\" src=\"https:\/\/jwelding.fi\/wp-content\/uploads\/2026\/04\/Kuvakaappaus-2026-04-30-19-00-45-1024x729.png\" alt=\"\" class=\"wp-image-152\" srcset=\"https:\/\/jwelding.fi\/wp-content\/uploads\/2026\/04\/Kuvakaappaus-2026-04-30-19-00-45-1024x729.png 1024w, https:\/\/jwelding.fi\/wp-content\/uploads\/2026\/04\/Kuvakaappaus-2026-04-30-19-00-45-300x214.png 300w, https:\/\/jwelding.fi\/wp-content\/uploads\/2026\/04\/Kuvakaappaus-2026-04-30-19-00-45-768x547.png 768w, https:\/\/jwelding.fi\/wp-content\/uploads\/2026\/04\/Kuvakaappaus-2026-04-30-19-00-45.png 1430w\" sizes=\"auto, (max-width: 1024px) 100vw, 1024px\" \/><\/figure>\n\n\n\n<p>Alumiinirakennety\u00f6 Hermann&#8217;s Finland Oy:ll\u00e4 Raisiossa yhteisty\u00f6ss\u00e4 PeaTek Oy:n kanssa. Hermann&#8217;s suunnittelee ja valmistaa modulaarisia sisustusratkaisuja vaativiinkin kohteisiin. www.Hermanns.fi<\/p>\n\n\n\n<figure class=\"wp-block-image size-large\"><img loading=\"lazy\" decoding=\"async\" width=\"1024\" height=\"576\" src=\"https:\/\/jwelding.fi\/wp-content\/uploads\/2026\/04\/20260415_154336-1024x576.jpg\" alt=\"\" class=\"wp-image-121\" srcset=\"https:\/\/jwelding.fi\/wp-content\/uploads\/2026\/04\/20260415_154336-1024x576.jpg 1024w, https:\/\/jwelding.fi\/wp-content\/uploads\/2026\/04\/20260415_154336-300x169.jpg 300w, https:\/\/jwelding.fi\/wp-content\/uploads\/2026\/04\/20260415_154336-768x432.jpg 768w, https:\/\/jwelding.fi\/wp-content\/uploads\/2026\/04\/20260415_154336-1536x864.jpg 1536w, https:\/\/jwelding.fi\/wp-content\/uploads\/2026\/04\/20260415_154336-2048x1152.jpg 2048w\" sizes=\"auto, (max-width: 1024px) 100vw, 1024px\" \/><\/figure>\n\n\n\n<p>Alumiinia MIG:ll\u00e4. <\/p>\n\n\n\n<figure class=\"wp-block-image size-large\"><img loading=\"lazy\" decoding=\"async\" width=\"1024\" height=\"576\" src=\"https:\/\/jwelding.fi\/wp-content\/uploads\/2026\/04\/20260330_172044-1024x576.jpg\" alt=\"\" class=\"wp-image-119\" srcset=\"https:\/\/jwelding.fi\/wp-content\/uploads\/2026\/04\/20260330_172044-1024x576.jpg 1024w, https:\/\/jwelding.fi\/wp-content\/uploads\/2026\/04\/20260330_172044-300x169.jpg 300w, https:\/\/jwelding.fi\/wp-content\/uploads\/2026\/04\/20260330_172044-768x432.jpg 768w, https:\/\/jwelding.fi\/wp-content\/uploads\/2026\/04\/20260330_172044-1536x864.jpg 1536w, https:\/\/jwelding.fi\/wp-content\/uploads\/2026\/04\/20260330_172044-2048x1152.jpg 2048w\" sizes=\"auto, (max-width: 1024px) 100vw, 1024px\" \/><\/figure>\n\n\n\n<p>Putkimuutos energiamittarin asennusta varten Vierem\u00e4n L\u00e4mp\u00f6 ja Vesi Oy:lle<\/p>\n\n\n\n<figure class=\"wp-block-image size-large\"><img loading=\"lazy\" decoding=\"async\" width=\"1024\" height=\"576\" src=\"https:\/\/jwelding.fi\/wp-content\/uploads\/2026\/01\/20260109_190115-1024x576.jpg\" alt=\"\" class=\"wp-image-88\" srcset=\"https:\/\/jwelding.fi\/wp-content\/uploads\/2026\/01\/20260109_190115-1024x576.jpg 1024w, https:\/\/jwelding.fi\/wp-content\/uploads\/2026\/01\/20260109_190115-300x169.jpg 300w, https:\/\/jwelding.fi\/wp-content\/uploads\/2026\/01\/20260109_190115-768x432.jpg 768w, https:\/\/jwelding.fi\/wp-content\/uploads\/2026\/01\/20260109_190115-1536x864.jpg 1536w, https:\/\/jwelding.fi\/wp-content\/uploads\/2026\/01\/20260109_190115-2048x1152.jpg 2048w\" sizes=\"auto, (max-width: 1024px) 100vw, 1024px\" \/><\/figure>\n\n\n\n<p>TIG-hitsattua ruostumatonta ter\u00e4st\u00e4. Kuparilatta v\u00e4hent\u00e4\u00e4 muodonmuutoksia, ottamalla l\u00e4mp\u00f6\u00e4 vastaan perusaineesta. Paksuun ruostumattomaan ter\u00e4kseen tulee TIG-hitsaamalla n\u00e4ytt\u00e4v\u00e4t p\u00e4\u00e4st\u00f6v\u00e4rit. Normaalisti hitsisaumat peitataan tai kiillotetaan, joten valmiiseen tuotteeseen ei p\u00e4\u00e4st\u00f6v\u00e4rej\u00e4 j\u00e4tet\u00e4, koska korroosionkesto ei ole yht\u00e4 hyv\u00e4, kuin kirkkaassa RST:ss\u00e4.<\/p>\n\n\n\n<figure class=\"wp-block-image size-large\"><img loading=\"lazy\" decoding=\"async\" width=\"1024\" height=\"576\" src=\"https:\/\/jwelding.fi\/wp-content\/uploads\/2026\/01\/20260121_153529-1024x576.jpg\" alt=\"\" class=\"wp-image-90\" srcset=\"https:\/\/jwelding.fi\/wp-content\/uploads\/2026\/01\/20260121_153529-1024x576.jpg 1024w, https:\/\/jwelding.fi\/wp-content\/uploads\/2026\/01\/20260121_153529-300x169.jpg 300w, https:\/\/jwelding.fi\/wp-content\/uploads\/2026\/01\/20260121_153529-768x432.jpg 768w, https:\/\/jwelding.fi\/wp-content\/uploads\/2026\/01\/20260121_153529-1536x864.jpg 1536w, https:\/\/jwelding.fi\/wp-content\/uploads\/2026\/01\/20260121_153529-2048x1152.jpg 2048w\" sizes=\"auto, (max-width: 1024px) 100vw, 1024px\" \/><\/figure>\n\n\n\n<p>TIG-hitsatut &#8221;mustat&#8221; koneistetut koneen osat py\u00f6ritysp\u00f6yd\u00e4ll\u00e4. TIG-hitsi siksi, koska p\u00e4\u00e4lle tulee viistetty holkki, jonka alla ei ole paljoa tilaa. TIG-hitsaus mahdollistaa tarkan ja pienen hitsin juoheilla liittymill\u00e4 ilman roiskeita. Py\u00f6ritysp\u00f6yt\u00e4 on n\u00e4pp\u00e4r\u00e4 py\u00f6r\u00e4hdyskappaleiden hitsaamisen apuna ja jouduttaa ty\u00f6t\u00e4 huomattavasti. Py\u00f6ritysp\u00f6yd\u00e4n avulla my\u00f6s laatu pysyy tasaisena, eik\u00e4 ylim\u00e4\u00e4r\u00e4isi\u00e4 jatkoksia tarvita.<\/p>\n\n\n\n<figure class=\"wp-block-image size-large\"><img loading=\"lazy\" decoding=\"async\" width=\"1024\" height=\"576\" src=\"https:\/\/jwelding.fi\/wp-content\/uploads\/2026\/01\/20260121_113517-1-1024x576.jpg\" alt=\"\" class=\"wp-image-91\" srcset=\"https:\/\/jwelding.fi\/wp-content\/uploads\/2026\/01\/20260121_113517-1-1024x576.jpg 1024w, https:\/\/jwelding.fi\/wp-content\/uploads\/2026\/01\/20260121_113517-1-300x169.jpg 300w, https:\/\/jwelding.fi\/wp-content\/uploads\/2026\/01\/20260121_113517-1-768x432.jpg 768w, https:\/\/jwelding.fi\/wp-content\/uploads\/2026\/01\/20260121_113517-1-1536x864.jpg 1536w, https:\/\/jwelding.fi\/wp-content\/uploads\/2026\/01\/20260121_113517-1-2048x1152.jpg 2048w\" sizes=\"auto, (max-width: 1024px) 100vw, 1024px\" \/><\/figure>\n\n\n\n<p>Edell\u00e4 mainittu holkki hitsattuna akselin p\u00e4\u00e4lle MAG-prosessilla, py\u00f6ritysp\u00f6yt\u00e4\u00e4 apuna k\u00e4ytt\u00e4en. Riitt\u00e4v\u00e4 hitsausteho varmistaa, ett\u00e4 hitsin liittymist\u00e4 tulee juoheat. Juohea hitsin liittym\u00e4 kest\u00e4\u00e4 v\u00e4sytt\u00e4v\u00e4\u00e4 kuormitusta huomattavasti paremmin, kuin kulmikkaasti liittyv\u00e4 hitsi.<\/p>\n\n\n\n<figure class=\"wp-block-image size-large\"><img loading=\"lazy\" decoding=\"async\" width=\"1024\" height=\"576\" src=\"https:\/\/jwelding.fi\/wp-content\/uploads\/2026\/01\/20251204_putkimuutos-1024x576.jpg\" alt=\"\" class=\"wp-image-104\" srcset=\"https:\/\/jwelding.fi\/wp-content\/uploads\/2026\/01\/20251204_putkimuutos-1024x576.jpg 1024w, https:\/\/jwelding.fi\/wp-content\/uploads\/2026\/01\/20251204_putkimuutos-300x169.jpg 300w, https:\/\/jwelding.fi\/wp-content\/uploads\/2026\/01\/20251204_putkimuutos-768x432.jpg 768w, https:\/\/jwelding.fi\/wp-content\/uploads\/2026\/01\/20251204_putkimuutos-1536x864.jpg 1536w, https:\/\/jwelding.fi\/wp-content\/uploads\/2026\/01\/20251204_putkimuutos-2048x1152.jpg 2048w\" sizes=\"auto, (max-width: 1024px) 100vw, 1024px\" \/><\/figure>\n\n\n\n<p>Teollisuuden asiakkaalle tehtiin putkimuutos, jolla parannettiin l\u00e4mmitysveden virtaamaa ja laitteiston huollettavuutta. Virtaavan veden m\u00e4\u00e4r\u00e4 kasvoi jopa yli 40% ja sit\u00e4 kautta talteen saatavan l\u00e4mm\u00f6n m\u00e4\u00e4r\u00e4.<\/p>\n\n\n\n<figure class=\"wp-block-image size-large\"><img loading=\"lazy\" decoding=\"async\" width=\"1024\" height=\"576\" src=\"https:\/\/jwelding.fi\/wp-content\/uploads\/2026\/01\/20251209_putkimuutoseristetty-1024x576.jpg\" alt=\"\" class=\"wp-image-106\" srcset=\"https:\/\/jwelding.fi\/wp-content\/uploads\/2026\/01\/20251209_putkimuutoseristetty-1024x576.jpg 1024w, https:\/\/jwelding.fi\/wp-content\/uploads\/2026\/01\/20251209_putkimuutoseristetty-300x169.jpg 300w, https:\/\/jwelding.fi\/wp-content\/uploads\/2026\/01\/20251209_putkimuutoseristetty-768x432.jpg 768w, https:\/\/jwelding.fi\/wp-content\/uploads\/2026\/01\/20251209_putkimuutoseristetty-1536x864.jpg 1536w, https:\/\/jwelding.fi\/wp-content\/uploads\/2026\/01\/20251209_putkimuutoseristetty-2048x1152.jpg 2048w\" sizes=\"auto, (max-width: 1024px) 100vw, 1024px\" \/><\/figure>\n\n\n\n<p>T\u00e4ss\u00e4 putket eristettyn\u00e4 ja pellitettyn\u00e4. Eristyksess\u00e4, pellityksess\u00e4 ja putkity\u00f6apuna Peatek Oy<\/p>\n","protected":false},"excerpt":{"rendered":"<p>Tehtyj\u00e4 t\u00f6it\u00e4 kuvina Teemme t\u00f6it\u00e4 konepajoilla ja ty\u00f6mailla, niin putkistojen, ter\u00e4srakenteiden, kuin koneenrakennuksenkin parissa. My\u00f6s mekaaninen asennus kuuluu ty\u00f6h\u00f6mme. Ammattitaitoisten kumppaneiden kanssa yhteisty\u00f6 antaa mahdollisuuden laajentaa osaamisaluettamme ja parantaa resurssien saantia isompiinkin t\u00f6ihin. Alumiinirakennety\u00f6 Hermann&#8217;s Finland Oy:ll\u00e4 Raisiossa yhteisty\u00f6ss\u00e4 PeaTek Oy:n kanssa. Hermann&#8217;s suunnittelee ja valmistaa modulaarisia sisustusratkaisuja vaativiinkin kohteisiin. www.Hermanns.fi Alumiinia MIG:ll\u00e4. Putkimuutos energiamittarin [&hellip;]<\/p>\n","protected":false},"author":1,"featured_media":0,"parent":0,"menu_order":0,"comment_status":"closed","ping_status":"closed","template":"","meta":{"footnotes":""},"class_list":["post-45","page","type-page","status-publish","hentry"],"_links":{"self":[{"href":"https:\/\/jwelding.fi\/index.php\/wp-json\/wp\/v2\/pages\/45","targetHints":{"allow":["GET"]}}],"collection":[{"href":"https:\/\/jwelding.fi\/index.php\/wp-json\/wp\/v2\/pages"}],"about":[{"href":"https:\/\/jwelding.fi\/index.php\/wp-json\/wp\/v2\/types\/page"}],"author":[{"embeddable":true,"href":"https:\/\/jwelding.fi\/index.php\/wp-json\/wp\/v2\/users\/1"}],"replies":[{"embeddable":true,"href":"https:\/\/jwelding.fi\/index.php\/wp-json\/wp\/v2\/comments?post=45"}],"version-history":[{"count":10,"href":"https:\/\/jwelding.fi\/index.php\/wp-json\/wp\/v2\/pages\/45\/revisions"}],"predecessor-version":[{"id":153,"href":"https:\/\/jwelding.fi\/index.php\/wp-json\/wp\/v2\/pages\/45\/revisions\/153"}],"wp:attachment":[{"href":"https:\/\/jwelding.fi\/index.php\/wp-json\/wp\/v2\/media?parent=45"}],"curies":[{"name":"wp","href":"https:\/\/api.w.org\/{rel}","templated":true}]}}