{"id":14,"date":"2026-01-05T21:35:04","date_gmt":"2026-01-05T21:35:04","guid":{"rendered":"https:\/\/jwelding.fi\/?page_id=14"},"modified":"2026-04-24T17:46:32","modified_gmt":"2026-04-24T17:46:32","slug":"jansa-welding-service-oy","status":"publish","type":"page","link":"https:\/\/jwelding.fi\/","title":{"rendered":"Jansa Welding Service Oy"},"content":{"rendered":"\n<p>Jansa Welding Service Oy on yhden henkil\u00f6n omistama osakeyhti\u00f6, joka on erikoistunut hitsaukseen. Yritys toimii p\u00e4\u00e4asiassa alihankkijana asiakasyritysten tiloissa tai asennusty\u00f6mailla. JWS Engineering aputoiminimell\u00e4 tarjoamme IWS-tasoisia hitsauskoordinointipalveluita ja muuta hitsaukseen liittyv\u00e4\u00e4 konsultointia. <em>JWS Engineering esittely toisella sivulla alasvetovalikosta<\/em><\/p>\n\n\n\n<p>Perusty\u00f6kalut l\u00f6ytyv\u00e4t itselt\u00e4: esimerkiksi hitsausmaski, kulmahiomakoneita, vasarat, mittausv\u00e4lineet ja niin edelleen. Asennushitsauksia varten l\u00f6ytyy <strong>Kemppi Minarc EVO 180<\/strong> puikkokone kaukos\u00e4\u00e4timell\u00e4 ja <strong>Kemppi Minarc TIG 223 AC\/DC + Kemppi TX225<\/strong> poltin 8 m kaapelilla.<\/p>\n\n\n\n<p>Alihankinnan asiakkaan tiloissa ja ty\u00f6mailla lis\u00e4ksi, my\u00f6s pienehk\u00f6t teollisuuden kunnossapitohitsaukset ja ty\u00f6maiden asennushitsaukset onnistuvat omalla kalustolla suoraan asiakkaalle. My\u00f6s hieman isommat ty\u00f6t onnistuvat yhteisty\u00f6kumppaneiden kanssa. Lis\u00e4ksi pieni\u00e4 korjaushitsauksia voidaan toteuttaa omissa tiloissa yritys- ja yksityisasiakkaille.<\/p>\n\n\n\n<p>JWS hitsaa erilaisia materiaaleja. <strong>&#8221;musta ter\u00e4s&#8221;, RST\/HST<\/strong> ja <strong>alumiini<\/strong> ovat peruskauraa, mutta opetellaan my\u00f6s tarvittaessa eksoottisemmatkin metallit. Hallitsen <strong>TIG-, MIG\/MAG- ja puikkohitsausprosessit.<\/strong><\/p>\n\n\n\n<p>Koska t\u00e4m\u00e4n hetken ty\u00f6t koostuvat enimm\u00e4kseen teollisuuden putkistohitsauksesta, niin t\u00e4ll\u00e4 hetkell\u00e4 voimassa olevat ISO EN 9606-1 p\u00e4tevyydet kattavat TIG-prosessilla painelaitedirektiivin (PED) mukaisesti &#8221;mustan&#8221; putken ainevahvuuksilla 1\u20138 mm sek\u00e4 ruostumattoman putken ainevahvuuksilla 1\u20134 mm, alkaen halkaisijasta 17,2 mm. Asento on HLO45. Lis\u00e4aineluokat FM3 ja FM5. Tarvittaessa hitsataan lis\u00e4\u00e4 p\u00e4tevyyksi\u00e4.<\/p>\n\n\n\n<p><strong>IWS-tutkinto ja p\u00e4tevyyskokeiden valvojan oikeudet<\/strong> mahdollistavat hitsausp\u00e4tevyyskokeiden valvonnat pl. PED. Alkuper\u00e4inen koulutukseni on rakennus- ja yhdyskuntatekniikan insin\u00f6\u00f6ri (amk), joten esimerkiksi rakennuslupakuvien piirt\u00e4minen ja vastaavana ty\u00f6njohtajana toimiminen onnistuu Iisalmen seudulla.<\/p>\n\n\n\n<p><strong>JWS Engineering<\/strong>, joka on aputoiminimi, esittely kotisivun toisella sivulla. Kts. valikko.<\/p>\n\n\n\n<p>P\u00e4ivitell\u00e4\u00e4n tietoja sivulle sit\u00e4 mukaa, kun aikaa ja ideoita tulee mieleen.<\/p>\n\n\n\n<h2 class=\"wp-block-heading\">Yl\u00e4-Savon Veturin Leader-hanke<\/h2>\n\n\n\n<p>Jansa Welding Service Oy on saanut Euroopan unionin maaseuturahaston Leader-tukea Kehitt\u00e4misyhdistys Yl\u00e4-Savon Veturilta yrityksen laiteinvestointeihin. Tuella hankitaan yritystoiminnan alkuvaiheessa tarvittava kalusto.<\/p>\n\n\n\n<div class=\"wp-block-group is-layout-grid wp-container-core-group-is-layout-9649a0d9 wp-block-group-is-layout-grid\">\n<figure class=\"wp-block-image size-full\"><img loading=\"lazy\" decoding=\"async\" width=\"229\" height=\"211\" src=\"https:\/\/jwelding.fi\/wp-content\/uploads\/2026\/04\/Leader_logo_rgb_veturi-1.jpg\" alt=\"\" class=\"wp-image-135\"\/><\/figure>\n\n\n\n<figure class=\"wp-block-image size-full\"><img loading=\"lazy\" decoding=\"async\" width=\"910\" height=\"922\" src=\"https:\/\/jwelding.fi\/wp-content\/uploads\/2026\/04\/FI-V-Euroopan-unionin-osarahoittama_POS-2.png\" alt=\"\" class=\"wp-image-137\" srcset=\"https:\/\/jwelding.fi\/wp-content\/uploads\/2026\/04\/FI-V-Euroopan-unionin-osarahoittama_POS-2.png 910w, https:\/\/jwelding.fi\/wp-content\/uploads\/2026\/04\/FI-V-Euroopan-unionin-osarahoittama_POS-2-296x300.png 296w, https:\/\/jwelding.fi\/wp-content\/uploads\/2026\/04\/FI-V-Euroopan-unionin-osarahoittama_POS-2-768x778.png 768w\" sizes=\"auto, (max-width: 910px) 100vw, 910px\" \/><\/figure>\n<\/div>\n\n\n\n<p>Kiitos mielenkiinnosta JWS:n kotisivuja kohtaan!<\/p>\n\n\n\n<p><\/p>\n","protected":false},"excerpt":{"rendered":"<p>Jansa Welding Service Oy on yhden henkil\u00f6n omistama osakeyhti\u00f6, joka on erikoistunut hitsaukseen. Yritys toimii p\u00e4\u00e4asiassa alihankkijana asiakasyritysten tiloissa tai asennusty\u00f6mailla. JWS Engineering aputoiminimell\u00e4 tarjoamme IWS-tasoisia hitsauskoordinointipalveluita ja muuta hitsaukseen liittyv\u00e4\u00e4 konsultointia. JWS Engineering esittely toisella sivulla alasvetovalikosta Perusty\u00f6kalut l\u00f6ytyv\u00e4t itselt\u00e4: esimerkiksi hitsausmaski, kulmahiomakoneita, vasarat, mittausv\u00e4lineet ja niin edelleen. Asennushitsauksia varten l\u00f6ytyy Kemppi Minarc EVO [&hellip;]<\/p>\n","protected":false},"author":1,"featured_media":0,"parent":0,"menu_order":0,"comment_status":"closed","ping_status":"closed","template":"","meta":{"footnotes":""},"class_list":["post-14","page","type-page","status-publish","hentry"],"_links":{"self":[{"href":"https:\/\/jwelding.fi\/index.php\/wp-json\/wp\/v2\/pages\/14","targetHints":{"allow":["GET"]}}],"collection":[{"href":"https:\/\/jwelding.fi\/index.php\/wp-json\/wp\/v2\/pages"}],"about":[{"href":"https:\/\/jwelding.fi\/index.php\/wp-json\/wp\/v2\/types\/page"}],"author":[{"embeddable":true,"href":"https:\/\/jwelding.fi\/index.php\/wp-json\/wp\/v2\/users\/1"}],"replies":[{"embeddable":true,"href":"https:\/\/jwelding.fi\/index.php\/wp-json\/wp\/v2\/comments?post=14"}],"version-history":[{"count":12,"href":"https:\/\/jwelding.fi\/index.php\/wp-json\/wp\/v2\/pages\/14\/revisions"}],"predecessor-version":[{"id":139,"href":"https:\/\/jwelding.fi\/index.php\/wp-json\/wp\/v2\/pages\/14\/revisions\/139"}],"wp:attachment":[{"href":"https:\/\/jwelding.fi\/index.php\/wp-json\/wp\/v2\/media?parent=14"}],"curies":[{"name":"wp","href":"https:\/\/api.w.org\/{rel}","templated":true}]}}